{"id":445,"date":"2025-03-11T15:38:18","date_gmt":"2025-03-11T14:38:18","guid":{"rendered":"https:\/\/novactiva.pacom1.com\/?page_id=445"},"modified":"2025-10-26T15:08:11","modified_gmt":"2025-10-26T14:08:11","slug":"legals","status":"publish","type":"page","link":"https:\/\/novactiva.com\/en\/legals\/","title":{"rendered":"Legals"},"content":{"rendered":"[vc_row type=&#8221;in_container&#8221; full_screen_row_position=&#8221;middle&#8221; column_margin=&#8221;default&#8221; column_direction=&#8221;default&#8221; column_direction_tablet=&#8221;default&#8221; column_direction_phone=&#8221;default&#8221; scene_position=&#8221;center&#8221; top_padding=&#8221;5%&#8221; constrain_group_1=&#8221;yes&#8221; bottom_padding=&#8221;5%&#8221; text_color=&#8221;dark&#8221; text_align=&#8221;left&#8221; row_border_radius=&#8221;none&#8221; row_border_radius_applies=&#8221;bg&#8221; overflow=&#8221;visible&#8221; overlay_strength=&#8221;0.3&#8243; gradient_direction=&#8221;left_to_right&#8221; shape_divider_position=&#8221;bottom&#8221; bg_image_animation=&#8221;none&#8221; gradient_type=&#8221;default&#8221; shape_type=&#8221;&#8221;][vc_column column_padding=&#8221;no-extra-padding&#8221; column_padding_tablet=&#8221;inherit&#8221; column_padding_phone=&#8221;inherit&#8221; column_padding_position=&#8221;all&#8221; column_element_direction_desktop=&#8221;default&#8221; column_element_spacing=&#8221;default&#8221; desktop_text_alignment=&#8221;default&#8221; tablet_text_alignment=&#8221;default&#8221; phone_text_alignment=&#8221;default&#8221; background_color_opacity=&#8221;1&#8243; background_hover_color_opacity=&#8221;1&#8243; column_backdrop_filter=&#8221;none&#8221; column_shadow=&#8221;none&#8221; column_border_radius=&#8221;none&#8221; column_link_target=&#8221;_self&#8221; column_position=&#8221;default&#8221; gradient_direction=&#8221;left_to_right&#8221; overlay_strength=&#8221;0.3&#8243; width=&#8221;1\/6&#8243; tablet_width_inherit=&#8221;default&#8221; animation_type=&#8221;default&#8221; bg_image_animation=&#8221;none&#8221; border_type=&#8221;simple&#8221; column_border_width=&#8221;none&#8221; column_border_style=&#8221;solid&#8221;][\/vc_column][vc_column column_padding=&#8221;no-extra-padding&#8221; column_padding_tablet=&#8221;inherit&#8221; column_padding_phone=&#8221;inherit&#8221; column_padding_position=&#8221;all&#8221; column_element_direction_desktop=&#8221;default&#8221; column_element_spacing=&#8221;default&#8221; desktop_text_alignment=&#8221;default&#8221; tablet_text_alignment=&#8221;default&#8221; phone_text_alignment=&#8221;default&#8221; background_color_opacity=&#8221;1&#8243; background_hover_color_opacity=&#8221;1&#8243; column_backdrop_filter=&#8221;none&#8221; column_shadow=&#8221;none&#8221; column_border_radius=&#8221;none&#8221; column_link_target=&#8221;_self&#8221; column_position=&#8221;default&#8221; gradient_direction=&#8221;left_to_right&#8221; overlay_strength=&#8221;0.3&#8243; width=&#8221;2\/3&#8243; tablet_width_inherit=&#8221;default&#8221; animation_type=&#8221;default&#8221; bg_image_animation=&#8221;none&#8221; border_type=&#8221;simple&#8221; column_border_width=&#8221;none&#8221; column_border_style=&#8221;solid&#8221;][vc_column_text css=&#8221;&#8221; text_direction=&#8221;default&#8221;]<strong>Who is Novactiva?<\/strong><\/p>\n<p>The http:\/\/www.novactiva.com website is published by NOVACTIVA, a Soci\u00e9t\u00e9 par Actions Simplifi\u00e9e (SAS) with share capital of 30,000 euros, whose registered office is at 45 AV de Coriandre, 13600 LA CIOTAT, registered in the MARSEILLE Trade and Companies Register under number 984 939 322.<\/p>\n<p>The site is hosted by HOSTINGER INTERNATIONAL LTD<\/p>\n<p>61 Lordou Vironos Street, 6023 Larnaca, Cyprus<\/p>\n<p>https:\/\/www.hostinger.fr\/contact.<\/p>\n<p>Contact: contact@novactiva.com &#8211; 06 41 70 93 35<\/p>\n<p>This Legal Notice is intended for professionals, partners or visitors using this website. They detail the intellectual property rights held by NOVACTIVA on the contents and elements of the site, as well as NOVACTIVA&#8217;s policy regarding the protection and processing of personal data that may be communicated in the context of a professional use or a request for information.<\/p>\n<p><strong>Intellectual property rights<\/strong><\/p>\n<p>All visual, textual and audio elements on the www.novactiva.com website are the exclusive property of NOVACTIVA or the holder of the intellectual property rights concerned and are therefore protected by the intellectual property code and copyright.<\/p>\n<p>The names NOVACTIVA\u00ae, NOVASTYNE\u00ae and SEQ-ID\u2122 are registered or pending trademarks belonging to NOVACTIVA.<br \/>\nAny reproduction, use or imitation of these names, for any purpose whatsoever and on any medium whatsoever, is strictly prohibited without prior written authorisation.<br \/>\nThe status of trademarks may vary from country to country.<\/p>\n<p>You may set up links to our website provided that you do so fairly and that this does not in any way damage our reputation or take advantage of our good name. You may not, however, establish such a link in such a way as to suggest any form of association if none exists. Furthermore, it is strictly forbidden to set up a link to our site on a website that does not belong to you. We reserve the right to remove links without notice.<\/p>\n<p><strong>Respect for privacy &amp; Collection of personal data<\/strong><\/p>\n<p><strong>Data collection and purpose<\/strong><\/p>\n<p>NOVACTIVA undertakes not to divulge to third parties the personal data you provide. Your personal data will only be used by our internal services to process your contact request, to reinforce and personalise communication and offers relating to Products reserved for NOVACTIVA customers, in particular through the Site&#8217;s newsletters to which you have subscribed.<\/p>\n<p>The duration of data processing and storage is limited to the time during which you are subscribed to our newsletters. You may withdraw your consent and unsubscribe at any time by clicking on the unsubscribe link at the bottom of each e-mail.<\/p>\n<p>As a result, and in accordance with the French Data Protection Act of 6 January 1978, you have the right to access, modify, rectify and delete your personal data. To do so, simply send us a request online at contact@novactiva.com or by post, stating your surname, first name, address and, if possible, your customer reference number. Please note that certain information identified as essential for order processing is essential for the proper execution of orders.<\/p>\n<p><strong>Right of access, rectification and deletion of data<\/strong><\/p>\n<p>In accordance with the French Data Protection Act no. 78-17 of 6 January 1978, as amended, Customers have the right to access, modify, rectify and delete data concerning them by e-mail to contact@novactiva.com.<\/p>\n<p><strong>Data retentio<\/strong>n<\/p>\n<p>Data is kept only for as long as is necessary for the purposes for which it was collected.<\/p>\n<p><strong>Cookie Statement<\/strong><\/p>\n<p>Your use of the Site is subject to this Cookie Statement, which is incorporated into the Terms and Conditions of this Site, and to the specific terms and conditions set forth on the various pages of this Site (collectively, the \u2018Terms and Conditions\u2019). Your use of the Site is also subject to all applicable laws and regulations, including those governing copyright, trademarks and all other intellectual property rights.<\/p>\n<p>Please read this Cookie Statement carefully before using or obtaining any content, information, products or services through this Site. By accessing this site you accept, without limitation or qualification, this entire Cookie Statement.<\/p>\n<p><strong>Definition<\/strong><\/p>\n<p>A cookie is a text file containing a small amount of information that is downloaded to your computer or mobile device when you visit a website. A cookie is then sent back to the original website when you visit it again, or to another site capable of recognising the given cookie. Cookies are useful because they allow a website to recognise the user&#8217;s device. To find out more about cookies, visit: www.allaboutcookies.org.<\/p>\n<p><strong>Cookies on this site<\/strong><\/p>\n<p>Cookies are small text files stored by your browser on your terminal (computer, tablet, mobile phone, etc.) when you visit a website.<\/p>\n<p><strong>On this site<\/strong><\/p>\n<p>We use cookies to record your visits as you move from one page to another and to keep you connected to the site, or to remember your interface or browsing preferences (preferred language, whether or not to reconnect automatically, pre-filling of certain forms, etc.).<\/p>\n<p>Some cookies are necessary for the operation of the site or its security. Most of these are \u2018session cookies\u2019, meaning that they are automatically deleted from your hard drive once the session is over (when you log out or close your browser).<\/p>\n<p>Cookies recording your interface and browsing preferences are kept for longer, so that you do not have to re-enter or re-select this information on each visit.<\/p>\n<p>For security reasons, all cookies deposited by this site are encrypted and cannot be read by any other application. No personal information is stored in these files.<\/p>\n<p><strong>Audience analysis tools<\/strong><\/p>\n<p>In order to continually improve our content and services, we use Google Analytics to monitor the number of visitors to our website. The data collected is anonymous and is used solely for statistical analysis.<\/p>\n<p><strong>Possibility of restricting or blocking cookies<\/strong><\/p>\n<p>You can configure your browser settings to restrict or block cookies from the Site (or any other website). Your browser may contain information on how to adjust your settings.<\/p>\n<p>You can also visit http:\/\/www.allaboutcookies.orgpour for general information about cookies and how to adjust cookie settings in various browsers. This Site also explains how to delete cookies from your computer. You can also refuse targeted cookies from certain suppliers by using the refusal process presented by www.youronlinechoices.eu.<\/p>\n<p>Please note that restricting cookies may have an impact on the functionality of the Site.<\/p>\n<p><strong>Updating of this Legal Notice<\/strong><\/p>\n<p>We reserve the right to modify, update or correct, at any time and without notice, all or part of this Legal Notice relating in particular to the collection of personal data, cookies or information contained on the Site by publishing the updated Legal Notice on the Site. Your continued use of this Site signifies your acceptance of the updated Legal Notice. If you do not accept this Legal Notice, please leave the Site immediately.[\/vc_column_text][\/vc_column][vc_column column_padding=&#8221;no-extra-padding&#8221; column_padding_tablet=&#8221;inherit&#8221; column_padding_phone=&#8221;inherit&#8221; column_padding_position=&#8221;all&#8221; column_element_direction_desktop=&#8221;default&#8221; column_element_spacing=&#8221;default&#8221; desktop_text_alignment=&#8221;default&#8221; tablet_text_alignment=&#8221;default&#8221; phone_text_alignment=&#8221;default&#8221; background_color_opacity=&#8221;1&#8243; background_hover_color_opacity=&#8221;1&#8243; column_backdrop_filter=&#8221;none&#8221; column_shadow=&#8221;none&#8221; column_border_radius=&#8221;none&#8221; column_link_target=&#8221;_self&#8221; column_position=&#8221;default&#8221; gradient_direction=&#8221;left_to_right&#8221; overlay_strength=&#8221;0.3&#8243; width=&#8221;1\/6&#8243; tablet_width_inherit=&#8221;default&#8221; animation_type=&#8221;default&#8221; bg_image_animation=&#8221;none&#8221; border_type=&#8221;simple&#8221; column_border_width=&#8221;none&#8221; column_border_style=&#8221;solid&#8221;][\/vc_column][\/vc_row]\n","protected":false},"excerpt":{"rendered":"<p>[vc_row type=&#8221;in_container&#8221; full_screen_row_position=&#8221;middle&#8221; column_margin=&#8221;default&#8221; column_direction=&#8221;default&#8221; column_direction_tablet=&#8221;default&#8221; column_direction_phone=&#8221;default&#8221; scene_position=&#8221;center&#8221; top_padding=&#8221;5%&#8221; constrain_group_1=&#8221;yes&#8221; bottom_padding=&#8221;5%&#8221; text_color=&#8221;dark&#8221; text_align=&#8221;left&#8221; row_border_radius=&#8221;none&#8221; row_border_radius_applies=&#8221;bg&#8221; overflow=&#8221;visible&#8221; overlay_strength=&#8221;0.3&#8243; gradient_direction=&#8221;left_to_right&#8221; shape_divider_position=&#8221;bottom&#8221; bg_image_animation=&#8221;none&#8221; gradient_type=&#8221;default&#8221; shape_type=&#8221;&#8221;][vc_column column_padding=&#8221;no-extra-padding&#8221; column_padding_tablet=&#8221;inherit&#8221; column_padding_phone=&#8221;inherit&#8221; column_padding_position=&#8221;all&#8221; column_element_direction_desktop=&#8221;default&#8221; column_element_spacing=&#8221;default&#8221; desktop_text_alignment=&#8221;default&#8221; tablet_text_alignment=&#8221;default&#8221;&#8230;<\/p>\n","protected":false},"author":1,"featured_media":0,"parent":0,"menu_order":0,"comment_status":"closed","ping_status":"closed","template":"","meta":{"inline_featured_image":false,"footnotes":""},"class_list":["post-445","page","type-page","status-publish"],"yoast_head":"<!-- This site is optimized with the Yoast SEO plugin v27.4 - https:\/\/yoast.com\/product\/yoast-seo-wordpress\/ -->\n<title>Legal Notice | Novactiva<\/title>\n<meta name=\"description\" content=\"Official legal notice of Novactiva\u2019s website. Learn more about ownership, hosting, and intellectual property rights.\" \/>\n<meta name=\"robots\" content=\"index, follow, max-snippet:-1, max-image-preview:large, max-video-preview:-1\" \/>\n<link rel=\"canonical\" href=\"https:\/\/novactiva.com\/en\/legals\/\" \/>\n<meta property=\"og:locale\" content=\"en_US\" \/>\n<meta property=\"og:type\" content=\"article\" \/>\n<meta property=\"og:title\" content=\"Legal Notice | Novactiva\" \/>\n<meta property=\"og:description\" content=\"Official legal notice of Novactiva\u2019s website. Learn more about ownership, hosting, and intellectual property rights.\" \/>\n<meta property=\"og:url\" content=\"https:\/\/novactiva.com\/en\/legals\/\" \/>\n<meta property=\"og:site_name\" content=\"Novactiva\" \/>\n<meta property=\"article:modified_time\" content=\"2025-10-26T14:08:11+00:00\" \/>\n<meta property=\"og:image\" content=\"https:\/\/novactiva.com\/wp-content\/uploads\/2025\/03\/novactiva.jpg\" \/>\n\t<meta property=\"og:image:width\" content=\"782\" \/>\n\t<meta property=\"og:image:height\" content=\"782\" \/>\n\t<meta property=\"og:image:type\" content=\"image\/jpeg\" \/>\n<meta name=\"twitter:card\" content=\"summary_large_image\" \/>\n<meta name=\"twitter:label1\" content=\"Est. reading time\" \/>\n\t<meta name=\"twitter:data1\" content=\"6 minutes\" \/>\n<script type=\"application\/ld+json\" class=\"yoast-schema-graph\">{\"@context\":\"https:\\\/\\\/schema.org\",\"@graph\":[{\"@type\":\"WebPage\",\"@id\":\"https:\\\/\\\/novactiva.com\\\/en\\\/legals\\\/\",\"url\":\"https:\\\/\\\/novactiva.com\\\/en\\\/legals\\\/\",\"name\":\"Legal Notice | Novactiva\",\"isPartOf\":{\"@id\":\"https:\\\/\\\/novactiva.com\\\/en\\\/#website\"},\"datePublished\":\"2025-03-11T14:38:18+00:00\",\"dateModified\":\"2025-10-26T14:08:11+00:00\",\"description\":\"Official legal notice of Novactiva\u2019s website. Learn more about ownership, hosting, and intellectual property rights.\",\"breadcrumb\":{\"@id\":\"https:\\\/\\\/novactiva.com\\\/en\\\/legals\\\/#breadcrumb\"},\"inLanguage\":\"en-US\",\"potentialAction\":[{\"@type\":\"ReadAction\",\"target\":[\"https:\\\/\\\/novactiva.com\\\/en\\\/legals\\\/\"]}]},{\"@type\":\"BreadcrumbList\",\"@id\":\"https:\\\/\\\/novactiva.com\\\/en\\\/legals\\\/#breadcrumb\",\"itemListElement\":[{\"@type\":\"ListItem\",\"position\":1,\"name\":\"Accueil\",\"item\":\"https:\\\/\\\/novactiva.com\\\/en\\\/\"},{\"@type\":\"ListItem\",\"position\":2,\"name\":\"Legals\"}]},{\"@type\":\"WebSite\",\"@id\":\"https:\\\/\\\/novactiva.com\\\/en\\\/#website\",\"url\":\"https:\\\/\\\/novactiva.com\\\/en\\\/\",\"name\":\"Novactiva\",\"description\":\"\",\"publisher\":{\"@id\":\"https:\\\/\\\/novactiva.com\\\/en\\\/#organization\"},\"potentialAction\":[{\"@type\":\"SearchAction\",\"target\":{\"@type\":\"EntryPoint\",\"urlTemplate\":\"https:\\\/\\\/novactiva.com\\\/en\\\/?s={search_term_string}\"},\"query-input\":{\"@type\":\"PropertyValueSpecification\",\"valueRequired\":true,\"valueName\":\"search_term_string\"}}],\"inLanguage\":\"en-US\"},{\"@type\":\"Organization\",\"@id\":\"https:\\\/\\\/novactiva.com\\\/en\\\/#organization\",\"name\":\"Novactiva\",\"url\":\"https:\\\/\\\/novactiva.com\\\/en\\\/\",\"logo\":{\"@type\":\"ImageObject\",\"inLanguage\":\"en-US\",\"@id\":\"https:\\\/\\\/novactiva.com\\\/en\\\/#\\\/schema\\\/logo\\\/image\\\/\",\"url\":\"https:\\\/\\\/novactiva.com\\\/wp-content\\\/uploads\\\/2025\\\/03\\\/novactiva.jpg\",\"contentUrl\":\"https:\\\/\\\/novactiva.com\\\/wp-content\\\/uploads\\\/2025\\\/03\\\/novactiva.jpg\",\"width\":782,\"height\":782,\"caption\":\"Novactiva\"},\"image\":{\"@id\":\"https:\\\/\\\/novactiva.com\\\/en\\\/#\\\/schema\\\/logo\\\/image\\\/\"}}]}<\/script>\n<!-- \/ Yoast SEO plugin. -->","yoast_head_json":{"title":"Legal Notice | Novactiva","description":"Official legal notice of Novactiva\u2019s website. Learn more about ownership, hosting, and intellectual property rights.","robots":{"index":"index","follow":"follow","max-snippet":"max-snippet:-1","max-image-preview":"max-image-preview:large","max-video-preview":"max-video-preview:-1"},"canonical":"https:\/\/novactiva.com\/en\/legals\/","og_locale":"en_US","og_type":"article","og_title":"Legal Notice | Novactiva","og_description":"Official legal notice of Novactiva\u2019s website. Learn more about ownership, hosting, and intellectual property rights.","og_url":"https:\/\/novactiva.com\/en\/legals\/","og_site_name":"Novactiva","article_modified_time":"2025-10-26T14:08:11+00:00","og_image":[{"width":782,"height":782,"url":"https:\/\/novactiva.com\/wp-content\/uploads\/2025\/03\/novactiva.jpg","type":"image\/jpeg"}],"twitter_card":"summary_large_image","twitter_misc":{"Est. reading time":"6 minutes"},"schema":{"@context":"https:\/\/schema.org","@graph":[{"@type":"WebPage","@id":"https:\/\/novactiva.com\/en\/legals\/","url":"https:\/\/novactiva.com\/en\/legals\/","name":"Legal Notice | Novactiva","isPartOf":{"@id":"https:\/\/novactiva.com\/en\/#website"},"datePublished":"2025-03-11T14:38:18+00:00","dateModified":"2025-10-26T14:08:11+00:00","description":"Official legal notice of Novactiva\u2019s website. Learn more about ownership, hosting, and intellectual property rights.","breadcrumb":{"@id":"https:\/\/novactiva.com\/en\/legals\/#breadcrumb"},"inLanguage":"en-US","potentialAction":[{"@type":"ReadAction","target":["https:\/\/novactiva.com\/en\/legals\/"]}]},{"@type":"BreadcrumbList","@id":"https:\/\/novactiva.com\/en\/legals\/#breadcrumb","itemListElement":[{"@type":"ListItem","position":1,"name":"Accueil","item":"https:\/\/novactiva.com\/en\/"},{"@type":"ListItem","position":2,"name":"Legals"}]},{"@type":"WebSite","@id":"https:\/\/novactiva.com\/en\/#website","url":"https:\/\/novactiva.com\/en\/","name":"Novactiva","description":"","publisher":{"@id":"https:\/\/novactiva.com\/en\/#organization"},"potentialAction":[{"@type":"SearchAction","target":{"@type":"EntryPoint","urlTemplate":"https:\/\/novactiva.com\/en\/?s={search_term_string}"},"query-input":{"@type":"PropertyValueSpecification","valueRequired":true,"valueName":"search_term_string"}}],"inLanguage":"en-US"},{"@type":"Organization","@id":"https:\/\/novactiva.com\/en\/#organization","name":"Novactiva","url":"https:\/\/novactiva.com\/en\/","logo":{"@type":"ImageObject","inLanguage":"en-US","@id":"https:\/\/novactiva.com\/en\/#\/schema\/logo\/image\/","url":"https:\/\/novactiva.com\/wp-content\/uploads\/2025\/03\/novactiva.jpg","contentUrl":"https:\/\/novactiva.com\/wp-content\/uploads\/2025\/03\/novactiva.jpg","width":782,"height":782,"caption":"Novactiva"},"image":{"@id":"https:\/\/novactiva.com\/en\/#\/schema\/logo\/image\/"}}]}},"_links":{"self":[{"href":"https:\/\/novactiva.com\/en\/wp-json\/wp\/v2\/pages\/445","targetHints":{"allow":["GET"]}}],"collection":[{"href":"https:\/\/novactiva.com\/en\/wp-json\/wp\/v2\/pages"}],"about":[{"href":"https:\/\/novactiva.com\/en\/wp-json\/wp\/v2\/types\/page"}],"author":[{"embeddable":true,"href":"https:\/\/novactiva.com\/en\/wp-json\/wp\/v2\/users\/1"}],"replies":[{"embeddable":true,"href":"https:\/\/novactiva.com\/en\/wp-json\/wp\/v2\/comments?post=445"}],"version-history":[{"count":3,"href":"https:\/\/novactiva.com\/en\/wp-json\/wp\/v2\/pages\/445\/revisions"}],"predecessor-version":[{"id":766,"href":"https:\/\/novactiva.com\/en\/wp-json\/wp\/v2\/pages\/445\/revisions\/766"}],"wp:attachment":[{"href":"https:\/\/novactiva.com\/en\/wp-json\/wp\/v2\/media?parent=445"}],"curies":[{"name":"wp","href":"https:\/\/api.w.org\/{rel}","templated":true}]}}