{"id":281,"date":"2025-03-11T15:38:18","date_gmt":"2025-03-11T14:38:18","guid":{"rendered":"https:\/\/novactiva.pacom1.com\/?page_id=281"},"modified":"2025-10-26T15:07:31","modified_gmt":"2025-10-26T14:07:31","slug":"mentions-legales","status":"publish","type":"page","link":"https:\/\/novactiva.com\/fr\/mentions-legales\/","title":{"rendered":"Mentions L\u00e9gales et Politique de Confidentialit\u00e9"},"content":{"rendered":"[vc_row type=\u00a0\u00bbin_container\u00a0\u00bb full_screen_row_position=\u00a0\u00bbmiddle\u00a0\u00bb column_margin=\u00a0\u00bbdefault\u00a0\u00bb column_direction=\u00a0\u00bbdefault\u00a0\u00bb column_direction_tablet=\u00a0\u00bbdefault\u00a0\u00bb column_direction_phone=\u00a0\u00bbdefault\u00a0\u00bb scene_position=\u00a0\u00bbcenter\u00a0\u00bb top_padding=\u00a0\u00bb5%\u00a0\u00bb constrain_group_1=\u00a0\u00bbyes\u00a0\u00bb bottom_padding=\u00a0\u00bb5%\u00a0\u00bb text_color=\u00a0\u00bbdark\u00a0\u00bb text_align=\u00a0\u00bbleft\u00a0\u00bb row_border_radius=\u00a0\u00bbnone\u00a0\u00bb row_border_radius_applies=\u00a0\u00bbbg\u00a0\u00bb overflow=\u00a0\u00bbvisible\u00a0\u00bb overlay_strength=\u00a0\u00bb0.3&Prime; gradient_direction=\u00a0\u00bbleft_to_right\u00a0\u00bb shape_divider_position=\u00a0\u00bbbottom\u00a0\u00bb bg_image_animation=\u00a0\u00bbnone\u00a0\u00bb gradient_type=\u00a0\u00bbdefault\u00a0\u00bb shape_type=\u00a0\u00bb\u00a0\u00bb][vc_column column_padding=\u00a0\u00bbno-extra-padding\u00a0\u00bb column_padding_tablet=\u00a0\u00bbinherit\u00a0\u00bb column_padding_phone=\u00a0\u00bbinherit\u00a0\u00bb column_padding_position=\u00a0\u00bball\u00a0\u00bb column_element_direction_desktop=\u00a0\u00bbdefault\u00a0\u00bb column_element_spacing=\u00a0\u00bbdefault\u00a0\u00bb desktop_text_alignment=\u00a0\u00bbdefault\u00a0\u00bb tablet_text_alignment=\u00a0\u00bbdefault\u00a0\u00bb phone_text_alignment=\u00a0\u00bbdefault\u00a0\u00bb background_color_opacity=\u00a0\u00bb1&Prime; background_hover_color_opacity=\u00a0\u00bb1&Prime; column_backdrop_filter=\u00a0\u00bbnone\u00a0\u00bb column_shadow=\u00a0\u00bbnone\u00a0\u00bb column_border_radius=\u00a0\u00bbnone\u00a0\u00bb column_link_target=\u00a0\u00bb_self\u00a0\u00bb column_position=\u00a0\u00bbdefault\u00a0\u00bb gradient_direction=\u00a0\u00bbleft_to_right\u00a0\u00bb overlay_strength=\u00a0\u00bb0.3&Prime; width=\u00a0\u00bb1\/6&Prime; tablet_width_inherit=\u00a0\u00bbdefault\u00a0\u00bb animation_type=\u00a0\u00bbdefault\u00a0\u00bb bg_image_animation=\u00a0\u00bbnone\u00a0\u00bb border_type=\u00a0\u00bbsimple\u00a0\u00bb column_border_width=\u00a0\u00bbnone\u00a0\u00bb column_border_style=\u00a0\u00bbsolid\u00a0\u00bb][\/vc_column][vc_column column_padding=\u00a0\u00bbno-extra-padding\u00a0\u00bb column_padding_tablet=\u00a0\u00bbinherit\u00a0\u00bb column_padding_phone=\u00a0\u00bbinherit\u00a0\u00bb column_padding_position=\u00a0\u00bball\u00a0\u00bb column_element_direction_desktop=\u00a0\u00bbdefault\u00a0\u00bb column_element_spacing=\u00a0\u00bbdefault\u00a0\u00bb desktop_text_alignment=\u00a0\u00bbdefault\u00a0\u00bb tablet_text_alignment=\u00a0\u00bbdefault\u00a0\u00bb phone_text_alignment=\u00a0\u00bbdefault\u00a0\u00bb background_color_opacity=\u00a0\u00bb1&Prime; background_hover_color_opacity=\u00a0\u00bb1&Prime; column_backdrop_filter=\u00a0\u00bbnone\u00a0\u00bb column_shadow=\u00a0\u00bbnone\u00a0\u00bb column_border_radius=\u00a0\u00bbnone\u00a0\u00bb column_link_target=\u00a0\u00bb_self\u00a0\u00bb column_position=\u00a0\u00bbdefault\u00a0\u00bb gradient_direction=\u00a0\u00bbleft_to_right\u00a0\u00bb overlay_strength=\u00a0\u00bb0.3&Prime; width=\u00a0\u00bb2\/3&Prime; tablet_width_inherit=\u00a0\u00bbdefault\u00a0\u00bb animation_type=\u00a0\u00bbdefault\u00a0\u00bb bg_image_animation=\u00a0\u00bbnone\u00a0\u00bb border_type=\u00a0\u00bbsimple\u00a0\u00bb column_border_width=\u00a0\u00bbnone\u00a0\u00bb column_border_style=\u00a0\u00bbsolid\u00a0\u00bb][vc_column_text css=\u00a0\u00bb\u00a0\u00bb text_direction=\u00a0\u00bbdefault\u00a0\u00bb]<strong>Qui sommes-nous ?<\/strong><\/p>\n<p>Le site http:\/\/www.novactiva.com est \u00e9dit\u00e9 par la soci\u00e9t\u00e9 NOVACTIVA, Soci\u00e9t\u00e9 par Actions Simplifi\u00e9e (SAS) au capital de 30.000 euros, dont le si\u00e8ge social est situ\u00e9 au 45 AV de Coriandre, 13600 LA CIOTAT, immatricul\u00e9e au Registre du Commerce et des Soci\u00e9t\u00e9s de MARSEILLE sous le num\u00e9ro 984 939 322<\/p>\n<p>Le site est h\u00e9berg\u00e9 par HOSTINGER INTERNATIONAL LTD<br \/>\n61 Lordou Vironos Street, 6023 Larnaca, Chypre<br \/>\nhttps:\/\/www.hostinger.fr\/contact.<\/p>\n<p>Contact : contact@novactiva.com &#8211; 06 41 70 93 35<\/p>\n<p>Les pr\u00e9sentes Mentions L\u00e9gales sont destin\u00e9es aux professionnels, partenaires ou visiteurs utilisant ce site internet. Elles d\u00e9taillent les droits de propri\u00e9t\u00e9 intellectuelle d\u00e9tenus par NOVACTIVA sur les contenus et \u00e9l\u00e9ments du site, ainsi que la politique de Novactiva en mati\u00e8re de protection et de traitement des donn\u00e9es \u00e0 caract\u00e8re personnel susceptibles d\u2019\u00eatre communiqu\u00e9es dans le cadre d\u2019un usage professionnel ou d\u2019une demande d\u2019information.<\/p>\n<p><strong>Propri\u00e9t\u00e9 intellectuelle<\/strong><\/p>\n<p>Tous les \u00e9l\u00e9ments pr\u00e9sents sur le site www.novactiva.com, qu&rsquo;ils soient visuels, textuels ou sonores, sont la propri\u00e9t\u00e9 exclusive de NOVACTIVA, ou du titulaire des droits de propri\u00e9t\u00e9 intellectuelle concern\u00e9 et sont \u00e0 ce titre prot\u00e9g\u00e9s par le code de la propri\u00e9t\u00e9 intellectuelle et le droit d&rsquo;auteur.<\/p>\n<p>Les noms <strong data-start=\"746\" data-end=\"760\">NOVACTIVA\u00ae<\/strong>, <strong data-start=\"762\" data-end=\"776\">NOVASTYNE\u00ae<\/strong> et <strong data-start=\"780\" data-end=\"791\">SEQ-ID\u2122<\/strong> sont des marques d\u00e9pos\u00e9es ou en cours d\u2019enregistrement, appartenant \u00e0 la soci\u00e9t\u00e9 NOVACTIVA.<br data-start=\"883\" data-end=\"886\" \/>Toute reproduction, utilisation ou imitation de ces d\u00e9nominations, \u00e0 quelque titre que ce soit et sur quelque support que ce soit, est strictement interdite sans autorisation \u00e9crite pr\u00e9alable.<br data-start=\"1080\" data-end=\"1083\" \/>Le statut des marques peut varier selon les pays.<\/p>\n<p>Vous pouvez mettre en place des liens vers notre site internet si vous le faites de mani\u00e8re loyale et que cela ne porte en aucun cas atteinte \u00e0 notre r\u00e9putation ou profite de notre notori\u00e9t\u00e9. Il vous est toutefois interdit d&rsquo;\u00e9tablir un tel lien de sorte que cela sugg\u00e8re une forme d&rsquo;association si celle-ci n\u2019existe pas. Par ailleurs, il est strictement interdit de mettre en place un lien vers notre site sur un site internet qui ne vous appartient pas. Nous nous r\u00e9servons le droit de supprimer les liens sans pr\u00e9avis.<\/p>\n<p><span style=\"text-decoration: underline;\"><strong>Respect de la vie priv\u00e9e &amp; Collecte des donn\u00e9es \u00e0 caract\u00e8re personnel<\/strong><\/span><\/p>\n<p><strong>Collecte &amp; Finalit\u00e9 des donn\u00e9es<\/strong><\/p>\n<p>Novactiva s&rsquo;engage \u00e0 ne pas divulguer \u00e0 des tiers les donn\u00e9es \u00e0 caract\u00e8re personnel que vous lui communiquez. Vos donn\u00e9es \u00e0 caract\u00e8re personnel ne seront utilis\u00e9es par nos services internes que pour le traitement de votre demande de contact, renforcer et personnaliser la communication ainsi que les offres relatives aux Produits r\u00e9serv\u00e9e aux clients de NOVACTIVA, notamment par les lettres d&rsquo;information du Site auxquelles vous vous serez abonn\u00e9(e).<\/p>\n<p>La dur\u00e9e de traitement et de conservation des donn\u00e9es est limit\u00e9e au temps pendant lequel vous \u00eates inscrit \u00e0 nos newsletters. Vous pouvez \u00e0 tout moment retirer votre consentement et vous d\u00e9sinscrire en cliquant sur le lien de d\u00e9sinscription en bas de chaque courriel.<\/p>\n<p>En cons\u00e9quence et conform\u00e9ment \u00e0 la loi informatique et des libert\u00e9s du 6 janvier 1978, vous disposez d&rsquo;un droit d&rsquo;acc\u00e8s, de modification, de rectification, et de suppression aux donn\u00e9es personnelles vous concernant. Pour cela, il vous suffit de nous en faire la demande en ligne contact@novactiva.com ou par courrier, en nous indiquant votre nom, pr\u00e9nom, adresse et si possible votre r\u00e9f\u00e9rence client. Notez que certaines informations identifi\u00e9es comme indispensables pour le traitement de la commande sont essentielles \u00e0 la bonne ex\u00e9cution des commandes.<\/p>\n<p><strong>Droit d&rsquo;acc\u00e8s, de rectification, de suppression des donn\u00e9es<\/strong><\/p>\n<p>Conform\u00e9ment \u00e0 loi \u00ab informatique et libert\u00e9s \u00bb n\u00b078-17 du 6 janvier 1978 modifi\u00e9e, le Client dispose d&rsquo;un droit d&rsquo;acc\u00e8s, de modification, de rectification et de suppression des donn\u00e9es le concernant par mail via contact@novactiva.com.<\/p>\n<p><strong>Conservation des donn\u00e9es<\/strong><\/p>\n<p>Les Donn\u00e9es sont conserv\u00e9es uniquement pendant la dur\u00e9e n\u00e9cessaire aux finalit\u00e9s pour lesquelles elles ont \u00e9t\u00e9 collect\u00e9es.<\/p>\n<p><strong>D\u00e9claration Relative aux Cookies<\/strong><\/p>\n<p>Votre utilisation du Site est soumise \u00e0 la pr\u00e9sente D\u00e9claration relative aux cookies, int\u00e9gr\u00e9e aux Modalit\u00e9s et conditions de ce Site, ainsi qu&rsquo;aux modalit\u00e9s et conditions sp\u00e9cifiques pr\u00e9cis\u00e9es sur les diff\u00e9rentes pages de ce Site (collectivement, les \u00ab Modalit\u00e9s et conditions \u00bb). Votre utilisation du Site est \u00e9galement soumise \u00e0 toutes les lois et r\u00e9glementations applicables, y compris celles r\u00e9gissant les droits d&rsquo;auteur, les marques d\u00e9pos\u00e9es et tous les autres droits de propri\u00e9t\u00e9 intellectuelle.<\/p>\n<p>Veuillez lire attentivement la pr\u00e9sente d\u00e9claration relative aux cookies avant d&rsquo;utiliser ou de vous procurer tout contenu, information, produit ou service par le biais de ce site. En acc\u00e9dant \u00e0 ce site vous acceptez, sans restriction ou qualification, l&rsquo;int\u00e9gralit\u00e9 de la pr\u00e9sente d\u00e9claration relative aux cookies.<\/p>\n<p><strong>D\u00e9finition<\/strong><\/p>\n<p>Un cookie est un fichier texte qui contient une petite quantit\u00e9 d&rsquo;informations t\u00e9l\u00e9charg\u00e9es sur votre ordinateur ou appareil mobile lorsque vous visitez un site Web. Un cookie est ensuite renvoy\u00e9 au site Web d&rsquo;origine lorsque vous le visitez \u00e0 nouveau ou \u00e0 un autre site capable de reconna\u00eetre le cookie donn\u00e9. Les cookies sont utiles, car ils permettent \u00e0 un site Web de reconna\u00eetre l&rsquo;appareil de l&rsquo;utilisateur. Pour en savoir plus sur les cookies, consultez : <a href=\"file:\/\/\/C:\/Users\/bduri\/AppData\/Local\/Microsoft\/Windows\/INetCache\/Content.Outlook\/9QHAA5U3\/www.allaboutcookies.org\">www.allaboutcookies.org<\/a>.<\/p>\n<p><strong>Les Cookies sur ce site<\/strong><\/p>\n<p>Les cookies, ou t\u00e9moins de connexion, sont des petits fichiers texte enregistr\u00e9s par votre navigateur sur votre terminal (ordinateur, tablette, mobile\u2026) lorsque vous visitez un site internet.<\/p>\n<p><strong>Sur ce site<\/strong><\/p>\n<p>Nous utilisons les cookies pour vous enregistrer les visites au passage d&rsquo;une page \u00e0 une autre et vous garder connect\u00e9 sur le site ou pour m\u00e9moriser vos pr\u00e9f\u00e9rences d&rsquo;interface ou de navigation (langue favorite, reconnexion automatique ou non, pr\u00e9-remplissage de certains formulaires\u2026).<\/p>\n<p>Certains cookies sont n\u00e9cessaires au fonctionnement du site ou \u00e0 sa s\u00e9curit\u00e9. Ils sont pour la plupart des \u00ab cookies de session \u00bb, c&rsquo;est-\u00e0-dire qu&rsquo;ils seront automatiquement supprim\u00e9s de votre disque dur une fois la session termin\u00e9e (quand vous vous d\u00e9connectez ou quand vous fermez votre navigateur).<\/p>\n<p>Les cookies enregistrant vos pr\u00e9f\u00e9rences d&rsquo;interface et de navigation sont conserv\u00e9s plus longtemps, pour vous \u00e9viter d&rsquo;avoir \u00e0 saisir ou s\u00e9lectionner \u00e0 nouveau ces informations \u00e0 chaque visite.<\/p>\n<p>Par mesure de s\u00e9curit\u00e9, tous les cookies d\u00e9pos\u00e9s par ce site sont crypt\u00e9s et ne peuvent \u00eatre relus par une autre application. Aucune information personnelle n&rsquo;est enregistr\u00e9e dans ces fichiers.<\/p>\n<p><strong>Outils d&rsquo;analyse d&rsquo;audience<\/strong><\/p>\n<p>Dans un souci d&rsquo;am\u00e9lioration continue de nos contenus et de nos services, nous r\u00e9alisons un suivi de sa fr\u00e9quentation \u00e0 travers l&rsquo;outil Google Analytics. Les donn\u00e9es collect\u00e9es sont anonymes et sont utilis\u00e9es uniquement dans le cadre d&rsquo;analyses statistiques.<\/p>\n<p><strong>Possibilit\u00e9 de restreindre ou bloquer les cookies<\/strong><\/p>\n<p>Vous pouvez configurer les param\u00e8tres de votre navigateur afin de restreindre ou de bloquer les cookies du Site (ou de tout autre site Web). Votre navigateur peut contenir des informations sur la fa\u00e7on de r\u00e9gler vos param\u00e8tres.<\/p>\n<p>Vous pouvez \u00e9galement consulter <a href=\"http:\/\/www.allaboutcookies.org\">http:\/\/www.allaboutcookies.org<\/a>pour obtenir des informations g\u00e9n\u00e9rales sur les cookies et sur la fa\u00e7on de r\u00e9gler les param\u00e8tres des cookies dans divers navigateurs. Ce Site explique \u00e9galement comment supprimer les cookies de votre ordinateur. Vous pouvez \u00e9galement refuser les cookies cibl\u00e9s de certains fournisseurs en utilisant le processus de refus pr\u00e9sent\u00e9 par <a href=\"file:\/\/\/C:\/Users\/bduri\/AppData\/Local\/Microsoft\/Windows\/INetCache\/Content.Outlook\/9QHAA5U3\/www.youronlinechoices.eu\">www.youronlinechoices.eu<\/a>.<\/p>\n<p>Veuillez noter que restreindre les cookies peut avoir un impact sur la fonctionnalit\u00e9 du Site.<\/p>\n<p><strong>Mise \u00e0 jour des pr\u00e9sentes Mentions L\u00e9gales<\/strong><\/p>\n<p>Nous nous r\u00e9servons le droit de modifier, mettre \u00e0 jour ou corriger, \u00e0 tout moment et sans pr\u00e9avis, tout ou partie des pr\u00e9sentes Mentions L\u00e9gales relatives notamment \u00e0 la collecte des donn\u00e9es \u00e0 caract\u00e8re personnelles, aux cookies ou aux informations contenues sur le Site en publiant les Mentions L\u00e9gales mise \u00e0 jour sur le Site. Le fait que vous continuiez \u00e0 utiliser ce Site signifie que vous acceptez les Mentions L\u00e9gales mises \u00e0 jour. Si vous n\u2019acceptez pas ces Mentions L\u00e9gales, merci de quitter le Site imm\u00e9diatement.[\/vc_column_text][\/vc_column][vc_column column_padding=\u00a0\u00bbno-extra-padding\u00a0\u00bb column_padding_tablet=\u00a0\u00bbinherit\u00a0\u00bb column_padding_phone=\u00a0\u00bbinherit\u00a0\u00bb column_padding_position=\u00a0\u00bball\u00a0\u00bb column_element_direction_desktop=\u00a0\u00bbdefault\u00a0\u00bb column_element_spacing=\u00a0\u00bbdefault\u00a0\u00bb desktop_text_alignment=\u00a0\u00bbdefault\u00a0\u00bb tablet_text_alignment=\u00a0\u00bbdefault\u00a0\u00bb phone_text_alignment=\u00a0\u00bbdefault\u00a0\u00bb background_color_opacity=\u00a0\u00bb1&Prime; background_hover_color_opacity=\u00a0\u00bb1&Prime; column_backdrop_filter=\u00a0\u00bbnone\u00a0\u00bb column_shadow=\u00a0\u00bbnone\u00a0\u00bb column_border_radius=\u00a0\u00bbnone\u00a0\u00bb column_link_target=\u00a0\u00bb_self\u00a0\u00bb column_position=\u00a0\u00bbdefault\u00a0\u00bb gradient_direction=\u00a0\u00bbleft_to_right\u00a0\u00bb overlay_strength=\u00a0\u00bb0.3&Prime; width=\u00a0\u00bb1\/6&Prime; tablet_width_inherit=\u00a0\u00bbdefault\u00a0\u00bb animation_type=\u00a0\u00bbdefault\u00a0\u00bb bg_image_animation=\u00a0\u00bbnone\u00a0\u00bb border_type=\u00a0\u00bbsimple\u00a0\u00bb column_border_width=\u00a0\u00bbnone\u00a0\u00bb column_border_style=\u00a0\u00bbsolid\u00a0\u00bb][\/vc_column][\/vc_row]\n","protected":false},"excerpt":{"rendered":"<p>[vc_row type=\u00a0\u00bbin_container\u00a0\u00bb full_screen_row_position=\u00a0\u00bbmiddle\u00a0\u00bb column_margin=\u00a0\u00bbdefault\u00a0\u00bb column_direction=\u00a0\u00bbdefault\u00a0\u00bb column_direction_tablet=\u00a0\u00bbdefault\u00a0\u00bb column_direction_phone=\u00a0\u00bbdefault\u00a0\u00bb scene_position=\u00a0\u00bbcenter\u00a0\u00bb top_padding=\u00a0\u00bb5%\u00a0\u00bb constrain_group_1=\u00a0\u00bbyes\u00a0\u00bb bottom_padding=\u00a0\u00bb5%\u00a0\u00bb text_color=\u00a0\u00bbdark\u00a0\u00bb text_align=\u00a0\u00bbleft\u00a0\u00bb row_border_radius=\u00a0\u00bbnone\u00a0\u00bb row_border_radius_applies=\u00a0\u00bbbg\u00a0\u00bb overflow=\u00a0\u00bbvisible\u00a0\u00bb overlay_strength=\u00a0\u00bb0.3&Prime; gradient_direction=\u00a0\u00bbleft_to_right\u00a0\u00bb shape_divider_position=\u00a0\u00bbbottom\u00a0\u00bb bg_image_animation=\u00a0\u00bbnone\u00a0\u00bb gradient_type=\u00a0\u00bbdefault\u00a0\u00bb shape_type=\u00a0\u00bb\u00a0\u00bb][vc_column column_padding=\u00a0\u00bbno-extra-padding\u00a0\u00bb column_padding_tablet=\u00a0\u00bbinherit\u00a0\u00bb column_padding_phone=\u00a0\u00bbinherit\u00a0\u00bb column_padding_position=\u00a0\u00bball\u00a0\u00bb column_element_direction_desktop=\u00a0\u00bbdefault\u00a0\u00bb column_element_spacing=\u00a0\u00bbdefault\u00a0\u00bb desktop_text_alignment=\u00a0\u00bbdefault\u00a0\u00bb tablet_text_alignment=\u00a0\u00bbdefault\u00a0\u00bb&#8230;<\/p>\n","protected":false},"author":1,"featured_media":0,"parent":0,"menu_order":0,"comment_status":"closed","ping_status":"closed","template":"","meta":{"inline_featured_image":false,"footnotes":""},"class_list":["post-281","page","type-page","status-publish"],"yoast_head":"<!-- This site is optimized with the Yoast SEO plugin v27.4 - https:\/\/yoast.com\/product\/yoast-seo-wordpress\/ -->\n<title>Mentions l\u00e9gales | Novactiva<\/title>\n<meta name=\"description\" content=\"Consultez les mentions l\u00e9gales et la politique de confidentialit\u00e9 du site Novactiva.com : propri\u00e9t\u00e9 intellectuelle, donn\u00e9es personnelles, cookies, RGPD. Consultez les mentions l\u00e9gales du site officiel de Novactiva. Informations sur l\u2019\u00e9diteur, l\u2019h\u00e9bergement, la propri\u00e9t\u00e9 intellectuelle et les conditions d\u2019utilisation.\" \/>\n<meta name=\"robots\" content=\"index, follow, max-snippet:-1, max-image-preview:large, max-video-preview:-1\" \/>\n<link rel=\"canonical\" href=\"https:\/\/novactiva.com\/fr\/mentions-legales\/\" \/>\n<meta property=\"og:locale\" content=\"fr_FR\" \/>\n<meta property=\"og:type\" content=\"article\" \/>\n<meta property=\"og:title\" content=\"Mentions l\u00e9gales | Novactiva\" \/>\n<meta property=\"og:description\" content=\"Consultez les mentions l\u00e9gales et la politique de confidentialit\u00e9 du site Novactiva.com : propri\u00e9t\u00e9 intellectuelle, donn\u00e9es personnelles, cookies, RGPD. Consultez les mentions l\u00e9gales du site officiel de Novactiva. Informations sur l\u2019\u00e9diteur, l\u2019h\u00e9bergement, la propri\u00e9t\u00e9 intellectuelle et les conditions d\u2019utilisation.\" \/>\n<meta property=\"og:url\" content=\"https:\/\/novactiva.com\/fr\/mentions-legales\/\" \/>\n<meta property=\"og:site_name\" content=\"Novactiva\" \/>\n<meta property=\"article:modified_time\" content=\"2025-10-26T14:07:31+00:00\" \/>\n<meta property=\"og:image\" content=\"https:\/\/novactiva.com\/wp-content\/uploads\/2025\/03\/novactiva.jpg\" \/>\n\t<meta property=\"og:image:width\" content=\"782\" \/>\n\t<meta property=\"og:image:height\" content=\"782\" \/>\n\t<meta property=\"og:image:type\" content=\"image\/jpeg\" \/>\n<meta name=\"twitter:card\" content=\"summary_large_image\" \/>\n<meta name=\"twitter:label1\" content=\"Dur\u00e9e de lecture estim\u00e9e\" \/>\n\t<meta name=\"twitter:data1\" content=\"7 minutes\" \/>\n<script type=\"application\/ld+json\" class=\"yoast-schema-graph\">{\"@context\":\"https:\\\/\\\/schema.org\",\"@graph\":[{\"@type\":\"WebPage\",\"@id\":\"https:\\\/\\\/novactiva.com\\\/fr\\\/mentions-legales\\\/\",\"url\":\"https:\\\/\\\/novactiva.com\\\/fr\\\/mentions-legales\\\/\",\"name\":\"Mentions l\u00e9gales | Novactiva\",\"isPartOf\":{\"@id\":\"https:\\\/\\\/novactiva.com\\\/fr\\\/#website\"},\"datePublished\":\"2025-03-11T14:38:18+00:00\",\"dateModified\":\"2025-10-26T14:07:31+00:00\",\"description\":\"Consultez les mentions l\u00e9gales et la politique de confidentialit\u00e9 du site Novactiva.com : propri\u00e9t\u00e9 intellectuelle, donn\u00e9es personnelles, cookies, RGPD. Consultez les mentions l\u00e9gales du site officiel de Novactiva. Informations sur l\u2019\u00e9diteur, l\u2019h\u00e9bergement, la propri\u00e9t\u00e9 intellectuelle et les conditions d\u2019utilisation.\",\"breadcrumb\":{\"@id\":\"https:\\\/\\\/novactiva.com\\\/fr\\\/mentions-legales\\\/#breadcrumb\"},\"inLanguage\":\"fr-FR\",\"potentialAction\":[{\"@type\":\"ReadAction\",\"target\":[\"https:\\\/\\\/novactiva.com\\\/fr\\\/mentions-legales\\\/\"]}]},{\"@type\":\"BreadcrumbList\",\"@id\":\"https:\\\/\\\/novactiva.com\\\/fr\\\/mentions-legales\\\/#breadcrumb\",\"itemListElement\":[{\"@type\":\"ListItem\",\"position\":1,\"name\":\"Accueil\",\"item\":\"https:\\\/\\\/novactiva.com\\\/fr\\\/\"},{\"@type\":\"ListItem\",\"position\":2,\"name\":\"Mentions L\u00e9gales et Politique de Confidentialit\u00e9\"}]},{\"@type\":\"WebSite\",\"@id\":\"https:\\\/\\\/novactiva.com\\\/fr\\\/#website\",\"url\":\"https:\\\/\\\/novactiva.com\\\/fr\\\/\",\"name\":\"Novactiva\",\"description\":\"\",\"publisher\":{\"@id\":\"https:\\\/\\\/novactiva.com\\\/fr\\\/#organization\"},\"potentialAction\":[{\"@type\":\"SearchAction\",\"target\":{\"@type\":\"EntryPoint\",\"urlTemplate\":\"https:\\\/\\\/novactiva.com\\\/fr\\\/?s={search_term_string}\"},\"query-input\":{\"@type\":\"PropertyValueSpecification\",\"valueRequired\":true,\"valueName\":\"search_term_string\"}}],\"inLanguage\":\"fr-FR\"},{\"@type\":\"Organization\",\"@id\":\"https:\\\/\\\/novactiva.com\\\/fr\\\/#organization\",\"name\":\"Novactiva\",\"url\":\"https:\\\/\\\/novactiva.com\\\/fr\\\/\",\"logo\":{\"@type\":\"ImageObject\",\"inLanguage\":\"fr-FR\",\"@id\":\"https:\\\/\\\/novactiva.com\\\/fr\\\/#\\\/schema\\\/logo\\\/image\\\/\",\"url\":\"https:\\\/\\\/novactiva.com\\\/wp-content\\\/uploads\\\/2025\\\/03\\\/novactiva.jpg\",\"contentUrl\":\"https:\\\/\\\/novactiva.com\\\/wp-content\\\/uploads\\\/2025\\\/03\\\/novactiva.jpg\",\"width\":782,\"height\":782,\"caption\":\"Novactiva\"},\"image\":{\"@id\":\"https:\\\/\\\/novactiva.com\\\/fr\\\/#\\\/schema\\\/logo\\\/image\\\/\"}}]}<\/script>\n<!-- \/ Yoast SEO plugin. -->","yoast_head_json":{"title":"Mentions l\u00e9gales | Novactiva","description":"Consultez les mentions l\u00e9gales et la politique de confidentialit\u00e9 du site Novactiva.com : propri\u00e9t\u00e9 intellectuelle, donn\u00e9es personnelles, cookies, RGPD. Consultez les mentions l\u00e9gales du site officiel de Novactiva. Informations sur l\u2019\u00e9diteur, l\u2019h\u00e9bergement, la propri\u00e9t\u00e9 intellectuelle et les conditions d\u2019utilisation.","robots":{"index":"index","follow":"follow","max-snippet":"max-snippet:-1","max-image-preview":"max-image-preview:large","max-video-preview":"max-video-preview:-1"},"canonical":"https:\/\/novactiva.com\/fr\/mentions-legales\/","og_locale":"fr_FR","og_type":"article","og_title":"Mentions l\u00e9gales | Novactiva","og_description":"Consultez les mentions l\u00e9gales et la politique de confidentialit\u00e9 du site Novactiva.com : propri\u00e9t\u00e9 intellectuelle, donn\u00e9es personnelles, cookies, RGPD. Consultez les mentions l\u00e9gales du site officiel de Novactiva. Informations sur l\u2019\u00e9diteur, l\u2019h\u00e9bergement, la propri\u00e9t\u00e9 intellectuelle et les conditions d\u2019utilisation.","og_url":"https:\/\/novactiva.com\/fr\/mentions-legales\/","og_site_name":"Novactiva","article_modified_time":"2025-10-26T14:07:31+00:00","og_image":[{"width":782,"height":782,"url":"https:\/\/novactiva.com\/wp-content\/uploads\/2025\/03\/novactiva.jpg","type":"image\/jpeg"}],"twitter_card":"summary_large_image","twitter_misc":{"Dur\u00e9e de lecture estim\u00e9e":"7 minutes"},"schema":{"@context":"https:\/\/schema.org","@graph":[{"@type":"WebPage","@id":"https:\/\/novactiva.com\/fr\/mentions-legales\/","url":"https:\/\/novactiva.com\/fr\/mentions-legales\/","name":"Mentions l\u00e9gales | Novactiva","isPartOf":{"@id":"https:\/\/novactiva.com\/fr\/#website"},"datePublished":"2025-03-11T14:38:18+00:00","dateModified":"2025-10-26T14:07:31+00:00","description":"Consultez les mentions l\u00e9gales et la politique de confidentialit\u00e9 du site Novactiva.com : propri\u00e9t\u00e9 intellectuelle, donn\u00e9es personnelles, cookies, RGPD. Consultez les mentions l\u00e9gales du site officiel de Novactiva. Informations sur l\u2019\u00e9diteur, l\u2019h\u00e9bergement, la propri\u00e9t\u00e9 intellectuelle et les conditions d\u2019utilisation.","breadcrumb":{"@id":"https:\/\/novactiva.com\/fr\/mentions-legales\/#breadcrumb"},"inLanguage":"fr-FR","potentialAction":[{"@type":"ReadAction","target":["https:\/\/novactiva.com\/fr\/mentions-legales\/"]}]},{"@type":"BreadcrumbList","@id":"https:\/\/novactiva.com\/fr\/mentions-legales\/#breadcrumb","itemListElement":[{"@type":"ListItem","position":1,"name":"Accueil","item":"https:\/\/novactiva.com\/fr\/"},{"@type":"ListItem","position":2,"name":"Mentions L\u00e9gales et Politique de Confidentialit\u00e9"}]},{"@type":"WebSite","@id":"https:\/\/novactiva.com\/fr\/#website","url":"https:\/\/novactiva.com\/fr\/","name":"Novactiva","description":"","publisher":{"@id":"https:\/\/novactiva.com\/fr\/#organization"},"potentialAction":[{"@type":"SearchAction","target":{"@type":"EntryPoint","urlTemplate":"https:\/\/novactiva.com\/fr\/?s={search_term_string}"},"query-input":{"@type":"PropertyValueSpecification","valueRequired":true,"valueName":"search_term_string"}}],"inLanguage":"fr-FR"},{"@type":"Organization","@id":"https:\/\/novactiva.com\/fr\/#organization","name":"Novactiva","url":"https:\/\/novactiva.com\/fr\/","logo":{"@type":"ImageObject","inLanguage":"fr-FR","@id":"https:\/\/novactiva.com\/fr\/#\/schema\/logo\/image\/","url":"https:\/\/novactiva.com\/wp-content\/uploads\/2025\/03\/novactiva.jpg","contentUrl":"https:\/\/novactiva.com\/wp-content\/uploads\/2025\/03\/novactiva.jpg","width":782,"height":782,"caption":"Novactiva"},"image":{"@id":"https:\/\/novactiva.com\/fr\/#\/schema\/logo\/image\/"}}]}},"_links":{"self":[{"href":"https:\/\/novactiva.com\/fr\/wp-json\/wp\/v2\/pages\/281","targetHints":{"allow":["GET"]}}],"collection":[{"href":"https:\/\/novactiva.com\/fr\/wp-json\/wp\/v2\/pages"}],"about":[{"href":"https:\/\/novactiva.com\/fr\/wp-json\/wp\/v2\/types\/page"}],"author":[{"embeddable":true,"href":"https:\/\/novactiva.com\/fr\/wp-json\/wp\/v2\/users\/1"}],"replies":[{"embeddable":true,"href":"https:\/\/novactiva.com\/fr\/wp-json\/wp\/v2\/comments?post=281"}],"version-history":[{"count":11,"href":"https:\/\/novactiva.com\/fr\/wp-json\/wp\/v2\/pages\/281\/revisions"}],"predecessor-version":[{"id":1076,"href":"https:\/\/novactiva.com\/fr\/wp-json\/wp\/v2\/pages\/281\/revisions\/1076"}],"wp:attachment":[{"href":"https:\/\/novactiva.com\/fr\/wp-json\/wp\/v2\/media?parent=281"}],"curies":[{"name":"wp","href":"https:\/\/api.w.org\/{rel}","templated":true}]}}